{"id":34,"date":"2021-11-04T08:59:32","date_gmt":"2021-11-04T07:59:32","guid":{"rendered":"https:\/\/vidovdanns.rs\/wordpress\/?page_id=34"},"modified":"2026-01-17T10:03:04","modified_gmt":"2026-01-17T09:03:04","slug":"udruzenje-u-medijima-2","status":"publish","type":"page","link":"https:\/\/vidovdanns.rs\/?page_id=34","title":{"rendered":"\u0423\u0434\u0440\u0443\u0436\u0435\u045a\u0435 \u0443 \u043c\u0435\u0434\u0438\u0458\u0438\u043c\u0430"},"content":{"rendered":"\n<p>\u041f\u0440\u0430\u0432\u043e \u043d\u0430 \u0441\u0443\u0442\u0440\u0430 &#8211; \u0440\u0430\u0441\u0435\u0459\u0435\u043d\u0438 \u0443 \u041d\u043e\u0432\u043e\u043c \u0421\u0430\u0434\u0443<\/p>\n\n\n\n<figure class=\"wp-block-embed is-type-video is-provider-youtube wp-block-embed-youtube wp-embed-aspect-16-9 wp-has-aspect-ratio\"><div class=\"wp-block-embed__wrapper\">\n<iframe title=\"Pravo na sutra: Raseljeni u Novom Sadu\" width=\"960\" height=\"540\" data-src=\"https:\/\/www.youtube.com\/embed\/a_96zUNOLK8?feature=oembed\" frameborder=\"0\" allow=\"accelerometer; autoplay; clipboard-write; encrypted-media; gyroscope; picture-in-picture; web-share\" referrerpolicy=\"strict-origin-when-cross-origin\" allowfullscreen src=\"data:image\/svg+xml;base64,PHN2ZyB3aWR0aD0iMSIgaGVpZ2h0PSIxIiB4bWxucz0iaHR0cDovL3d3dy53My5vcmcvMjAwMC9zdmciPjwvc3ZnPg==\" class=\"lazyload\" data-load-mode=\"1\"><\/iframe>\n<\/div><\/figure>\n\n\n\n<p><a href=\"https:\/\/www.dnevnik.rs\/politika\/gradonacelnik-milan-duric-s-predstavnicima-zavicajnog-udruzena-vidovdan-hvala-vam-sto\">\u0413\u0440\u0430\u0434\u043e\u043d\u0430\u0447\u0435\u043b\u043d\u0438\u043a \u041c\u0438\u043b\u0430\u043d \u0402\u0443\u0440\u0438\u045b \u0441 \u043f\u0440\u0435\u0434\u0441\u0442\u0430\u0432\u043d\u0438\u0446\u0438\u043c\u0430 \u0417\u0430\u0432\u0438\u0447\u0430\u0458\u043d\u043e\u0433 \u0443\u0434\u0440\u0443\u0436\u0435\u045a\u0430 \u201e\u0412\u0438\u0434\u043e\u0432\u0434\u0430\u043d\u201c \u0425\u0412\u0410\u041b\u0410 \u0412\u0410\u041c \u0428\u0422\u041e \u0427\u0423\u0412\u0410\u0422\u0415 \u041d\u0410\u0428\u0423 \u0422\u0420\u0410\u0414\u0418\u0426\u0418\u0408\u0423<\/a><\/p>\n\n\n<div class=\"wp-block-image is-style-default\">\n<figure class=\"aligncenter size-large\"><img decoding=\"async\" width=\"1024\" height=\"684\" data-src=\"https:\/\/vidovdanns.rs\/wp-content\/uploads\/2024\/05\/Udruzenje-VIDOVDAN-10.05.2024-226-2-1024x684.jpg\" alt=\"\" class=\"wp-image-2032 lazyload\" data-srcset=\"https:\/\/vidovdanns.rs\/wp-content\/uploads\/2024\/05\/Udruzenje-VIDOVDAN-10.05.2024-226-2-1024x684.jpg 1024w, https:\/\/vidovdanns.rs\/wp-content\/uploads\/2024\/05\/Udruzenje-VIDOVDAN-10.05.2024-226-2-300x200.jpg 300w, https:\/\/vidovdanns.rs\/wp-content\/uploads\/2024\/05\/Udruzenje-VIDOVDAN-10.05.2024-226-2-768x513.jpg 768w, https:\/\/vidovdanns.rs\/wp-content\/uploads\/2024\/05\/Udruzenje-VIDOVDAN-10.05.2024-226-2-1536x1026.jpg 1536w, https:\/\/vidovdanns.rs\/wp-content\/uploads\/2024\/05\/Udruzenje-VIDOVDAN-10.05.2024-226-2-2048x1368.jpg 2048w, https:\/\/vidovdanns.rs\/wp-content\/uploads\/2024\/05\/Udruzenje-VIDOVDAN-10.05.2024-226-2-1140x761.jpg 1140w\" data-sizes=\"(max-width: 1024px) 100vw, 1024px\" src=\"data:image\/svg+xml;base64,PHN2ZyB3aWR0aD0iMSIgaGVpZ2h0PSIxIiB4bWxucz0iaHR0cDovL3d3dy53My5vcmcvMjAwMC9zdmciPjwvc3ZnPg==\" style=\"--smush-placeholder-width: 1024px; --smush-placeholder-aspect-ratio: 1024\/684;\" \/><\/figure>\n<\/div>\n\n\n<figure class=\"wp-block-embed is-type-video is-provider-youtube wp-block-embed-youtube wp-embed-aspect-16-9 wp-has-aspect-ratio\"><div class=\"wp-block-embed__wrapper\">\n<iframe title=\"Zavi\u010dajno udru\u017eenje gra\u0111ana sa \u041aosova i \u041cetohije &quot;Vidovdan&quot; organizuje dru\u017eenje\" width=\"960\" height=\"540\" data-src=\"https:\/\/www.youtube.com\/embed\/RPa4GgWedM4?feature=oembed\" frameborder=\"0\" allow=\"accelerometer; autoplay; clipboard-write; encrypted-media; gyroscope; picture-in-picture; web-share\" referrerpolicy=\"strict-origin-when-cross-origin\" allowfullscreen src=\"data:image\/svg+xml;base64,PHN2ZyB3aWR0aD0iMSIgaGVpZ2h0PSIxIiB4bWxucz0iaHR0cDovL3d3dy53My5vcmcvMjAwMC9zdmciPjwvc3ZnPg==\" class=\"lazyload\" data-load-mode=\"1\"><\/iframe>\n<\/div><figcaption class=\"wp-element-caption\"><a href=\"https:\/\/www.youtube.com\/watch?v=RPa4GgWedM4\">\u041f\u0440\u0435\u0434\u0441\u0442\u0430\u0432\u0459\u0430\u045a\u0435 \u043d\u0430\u0448\u0438\u0445 \u0430\u043a\u0442\u0438\u0432\u043d\u043e\u0441\u0442\u0438 &#8211; \u0420\u0422\u04121, 11. \u041c\u0430\u0458 2023.<\/a><\/figcaption><\/figure>\n\n\n\n<figure class=\"wp-block-embed is-type-video is-provider-youtube wp-block-embed-youtube wp-embed-aspect-16-9 wp-has-aspect-ratio\"><div class=\"wp-block-embed__wrapper\">\n<iframe title=\"Dodeljena priznanja povodom 73. ro\u0111endana  Radio-televizije Vojvodine\" width=\"960\" height=\"540\" data-src=\"https:\/\/www.youtube.com\/embed\/cILJVhAP2Tk?feature=oembed\" frameborder=\"0\" allow=\"accelerometer; autoplay; clipboard-write; encrypted-media; gyroscope; picture-in-picture; web-share\" referrerpolicy=\"strict-origin-when-cross-origin\" allowfullscreen src=\"data:image\/svg+xml;base64,PHN2ZyB3aWR0aD0iMSIgaGVpZ2h0PSIxIiB4bWxucz0iaHR0cDovL3d3dy53My5vcmcvMjAwMC9zdmciPjwvc3ZnPg==\" class=\"lazyload\" data-load-mode=\"1\"><\/iframe>\n<\/div><figcaption class=\"wp-element-caption\"><a href=\"https:\/\/www.youtube.com\/watch?v=cILJVhAP2Tk\">\u0413\u043e\u0434\u0438\u0448\u045a\u0430 \u043d\u0430\u0433\u0440\u0430\u0434\u0430 \u0420\u0422\u0412-\u0430 \u0434\u043e\u0434\u0435\u0459\u0435\u043d\u0430 \u043d\u0430\u0448\u043e\u0458 \u041c\u0438\u043b\u0435\u043d\u0438 \u0408\u043e\u0432\u0430\u043d\u0438\u045b<\/a><\/figcaption><\/figure>\n\n\n\n<figure class=\"wp-block-embed is-type-video is-provider-youtube wp-block-embed-youtube wp-embed-aspect-16-9 wp-has-aspect-ratio\"><div class=\"wp-block-embed__wrapper\">\n<iframe title=\"Kosmetu u pohode 2022  |  09.10.2022.\" width=\"960\" height=\"540\" data-src=\"https:\/\/www.youtube.com\/embed\/42qQ6zElcL4?feature=oembed\" frameborder=\"0\" allow=\"accelerometer; autoplay; clipboard-write; encrypted-media; gyroscope; picture-in-picture; web-share\" referrerpolicy=\"strict-origin-when-cross-origin\" allowfullscreen src=\"data:image\/svg+xml;base64,PHN2ZyB3aWR0aD0iMSIgaGVpZ2h0PSIxIiB4bWxucz0iaHR0cDovL3d3dy53My5vcmcvMjAwMC9zdmciPjwvc3ZnPg==\" class=\"lazyload\" data-load-mode=\"1\"><\/iframe>\n<\/div><figcaption class=\"wp-element-caption\"><a href=\"https:\/\/www.youtube.com\/watch?v=42qQ6zElcL4\">\u041a\u043e\u0441\u043c\u0435\u0442\u0443 \u0443 \u043f\u043e\u0445\u043e\u0434\u0435, \u0443\u0440\u0435\u0434\u043d\u0438\u043a \u0438 \u0430\u0443\u0442\u043e\u0440 \u041c\u0438\u043b\u0435\u043d\u0430 \u0408\u043e\u0432\u0430\u043d\u0438\u045b &#8211; \u0420\u0422\u0412<\/a><\/figcaption><\/figure>\n\n\n<div class=\"wp-block-image is-style-default\">\n<figure class=\"alignleft size-full is-resized\"><img decoding=\"async\" width=\"658\" height=\"494\" data-src=\"https:\/\/vidovdanns.rs\/wordpress\/wp-content\/uploads\/2022\/05\/9-maj-ver2.jpg\" alt=\"\" class=\"wp-image-1437 lazyload\" style=\"--smush-placeholder-width: 658px; --smush-placeholder-aspect-ratio: 658\/494;width:658px;height:494px\" data-srcset=\"https:\/\/vidovdanns.rs\/wp-content\/uploads\/2022\/05\/9-maj-ver2.jpg 658w, https:\/\/vidovdanns.rs\/wp-content\/uploads\/2022\/05\/9-maj-ver2-300x225.jpg 300w\" data-sizes=\"(max-width: 658px) 100vw, 658px\" src=\"data:image\/svg+xml;base64,PHN2ZyB3aWR0aD0iMSIgaGVpZ2h0PSIxIiB4bWxucz0iaHR0cDovL3d3dy53My5vcmcvMjAwMC9zdmciPjwvc3ZnPg==\" \/><figcaption class=\"wp-element-caption\"><a href=\"https:\/\/www.rtrs.tv\/vijesti\/vijest.php?id=458233\">\u0414\u0435\u0446\u0438 \u0414\u043d\u0435\u0432\u043d\u043e\u0433 \u0446\u0435\u043d\u0442\u0440\u0430 \u0443 \u041a\u043e\u0441\u043e\u0432\u0441\u043a\u043e\u0458 \u041c\u0438\u0442\u0440\u043e\u0432\u0438\u0446\u0438 \u0434\u043e\u043d\u0438\u0440\u0430\u043d\u043e \u0448\u0435\u0441\u0442 \u043a\u043e\u043c\u043f\u043b\u0435\u0442\u0430 \u0440\u0430\u0447\u0443\u043d\u0430\u0440\u0430<\/a><\/figcaption><\/figure>\n<\/div>\n\n<div class=\"wp-block-image\">\n<figure class=\"alignleft size-full\"><img decoding=\"async\" width=\"658\" height=\"493\" data-src=\"https:\/\/vidovdanns.rs\/wordpress\/wp-content\/uploads\/2021\/12\/Arlov.jpg\" alt=\"\" class=\"wp-image-1008 lazyload\" data-srcset=\"https:\/\/vidovdanns.rs\/wp-content\/uploads\/2021\/12\/Arlov.jpg 658w, https:\/\/vidovdanns.rs\/wp-content\/uploads\/2021\/12\/Arlov-300x225.jpg 300w\" data-sizes=\"(max-width: 658px) 100vw, 658px\" src=\"data:image\/svg+xml;base64,PHN2ZyB3aWR0aD0iMSIgaGVpZ2h0PSIxIiB4bWxucz0iaHR0cDovL3d3dy53My5vcmcvMjAwMC9zdmciPjwvc3ZnPg==\" style=\"--smush-placeholder-width: 658px; --smush-placeholder-aspect-ratio: 658\/493;\" \/><figcaption class=\"wp-element-caption\"><a href=\"https:\/\/www.rtrs.tv\/vijesti\/vijest.php?id=445039\">\u0414\u043e\u0434\u0435\u043b\u0430 \u0437\u0430\u0445\u0432\u0430\u043b\u043d\u0438\u0446\u0435 \u0438 \u043f\u043b\u0430\u043a\u0435\u0442\u0435 \u0437\u0430 \u0445\u0443\u043c\u0430\u043d\u043e\u0441\u0442 \u043f\u0440\u0435\u043c\u0430 \u0441\u0440\u043f\u0441\u043a\u043e\u043c \u043d\u0430\u0440\u043e\u0434\u0443 \u043d\u0430 \u041a\u043e\u0441\u043e\u0432\u0443 \u0438 \u041c\u0435\u0442\u043e\u0445\u0438\u0458<\/a><\/figcaption><\/figure>\n<\/div>\n\n\n<figure class=\"wp-block-video alignleft\"><video controls src=\"https:\/\/www.rts.rs\/upload\/storyBoxFileData\/2018\/07\/02\/11831960\/kosovo-020718.mp4\"><\/video><figcaption class=\"wp-element-caption\"> \u0414\u043e\u0434\u0435\u043b\u0430 \u043f\u043e\u043c\u043e\u045b\u0438 \u043f\u043e\u0440\u043e\u0434\u0438\u0446\u0438 \u043d\u0430 \u041a\u043e\u0441\u043e\u0432\u0443 \u0438 \u041c\u0435\u0442\u043e\u0445\u0438\u0458\u0438 <\/figcaption><\/figure>\n\n\n\n<p><br><\/p>\n\n\n\n<p><br><\/p>\n\n\n\n<figure class=\"wp-block-embed is-type-video is-provider-youtube wp-block-embed-youtube wp-embed-aspect-4-3 wp-has-aspect-ratio\"><div class=\"wp-block-embed__wrapper\">\n<iframe title=\"izjava zdenko tomic\" width=\"960\" height=\"720\" data-src=\"https:\/\/www.youtube.com\/embed\/sIMmiQwl-WI?feature=oembed\" frameborder=\"0\" allow=\"accelerometer; autoplay; clipboard-write; encrypted-media; gyroscope; picture-in-picture; web-share\" referrerpolicy=\"strict-origin-when-cross-origin\" allowfullscreen src=\"data:image\/svg+xml;base64,PHN2ZyB3aWR0aD0iMSIgaGVpZ2h0PSIxIiB4bWxucz0iaHR0cDovL3d3dy53My5vcmcvMjAwMC9zdmciPjwvc3ZnPg==\" class=\"lazyload\" data-load-mode=\"1\"><\/iframe>\n<\/div><figcaption class=\"wp-element-caption\">\u041f\u0440\u0435\u0434\u0441\u0435\u0434\u043d\u0438\u043a \u0423\u0434\u0440\u0443\u0436\u0435\u045a\u0430 \u043f\u0440\u043e\u0444. \u0434\u0440. \u0417\u0434\u0435\u043d\u043a\u043e \u0422\u043e\u043c\u0438\u045b &#8211; \u041d\u0430\u0458\u0430\u0432\u0430 \u043f\u0440\u043e\u043c\u043e\u0446\u0438\u0458\u0435 \u043a\u045a\u0438\u0433\u0435 \u0414\u0430\u043d\u0438\u0446\u0435 \u041c\u0430\u0440\u0438\u043d\u043a\u043e\u0432\u0438\u045b &#8211; &#8216;\u0421\u0443\u0434\u0438\u0458\u0430 \u0443 \u0440\u0430\u0442\u0443 \u0438 \u043c\u0438\u0440\u0443&#8217;<\/figcaption><\/figure>\n\n\n\n<figure class=\"wp-block-embed is-type-video is-provider-youtube wp-block-embed-youtube wp-embed-aspect-16-9 wp-has-aspect-ratio\"><div class=\"wp-block-embed__wrapper\">\n<iframe title=\"Sajam zavi\u010daja\" width=\"960\" height=\"540\" data-src=\"https:\/\/www.youtube.com\/embed\/QTEk07SSIP0?feature=oembed\" frameborder=\"0\" allow=\"accelerometer; autoplay; clipboard-write; encrypted-media; gyroscope; picture-in-picture; web-share\" referrerpolicy=\"strict-origin-when-cross-origin\" allowfullscreen src=\"data:image\/svg+xml;base64,PHN2ZyB3aWR0aD0iMSIgaGVpZ2h0PSIxIiB4bWxucz0iaHR0cDovL3d3dy53My5vcmcvMjAwMC9zdmciPjwvc3ZnPg==\" class=\"lazyload\" data-load-mode=\"1\"><\/iframe>\n<\/div><figcaption class=\"wp-element-caption\">\u041d\u0430\u0458\u0430\u0432\u0430 \u0421\u0430\u0458\u043c\u0430 \u0437\u0430\u0432\u0438\u0447\u0430\u0458\u043d\u0438\u0445 \u0443\u0434\u0440\u0443\u0436\u0435\u045a\u0430<\/figcaption><\/figure>\n\n\n<div class=\"wp-block-image\">\n<figure class=\"alignleft size-full\"><img decoding=\"async\" width=\"1024\" height=\"682\" data-src=\"https:\/\/vidovdanns.rs\/wordpress\/wp-content\/uploads\/2022\/05\/Proslava1.jpg\" alt=\"\" class=\"wp-image-1456 lazyload\" data-srcset=\"https:\/\/vidovdanns.rs\/wp-content\/uploads\/2022\/05\/Proslava1.jpg 1024w, https:\/\/vidovdanns.rs\/wp-content\/uploads\/2022\/05\/Proslava1-300x200.jpg 300w, https:\/\/vidovdanns.rs\/wp-content\/uploads\/2022\/05\/Proslava1-768x512.jpg 768w\" data-sizes=\"(max-width: 1024px) 100vw, 1024px\" src=\"data:image\/svg+xml;base64,PHN2ZyB3aWR0aD0iMSIgaGVpZ2h0PSIxIiB4bWxucz0iaHR0cDovL3d3dy53My5vcmcvMjAwMC9zdmciPjwvc3ZnPg==\" style=\"--smush-placeholder-width: 1024px; --smush-placeholder-aspect-ratio: 1024\/682;\" \/><figcaption class=\"wp-element-caption\"><a href=\"http:\/\/novosadska.tv\/vest.php?id=39904&amp;fbclid=IwAR18RPpLw6jbfk-6VPboseOgC2ABr3BPH6hWzMl0BX9ywsh3PKdr0UcjeGo\">\u0422\u0440\u0430\u0434\u0438\u0446\u0438\u043e\u043d\u0430\u043b\u043d\u043e \u0433\u043e\u0434\u0438\u0448\u045a\u0435 \u043e\u043a\u0443\u043f\u0459\u0430\u045a\u0435 \u0421\u0440\u0431\u0430 \u0441\u0430 \u041a\u043e\u0441\u043e\u0432\u0430 &#8211; 2018.<\/a><\/figcaption><\/figure>\n<\/div>\n\n\n<p><\/p>\n\n\n\n<p><\/p>\n\n\n\n<figure class=\"wp-block-embed is-type-video is-provider-youtube wp-block-embed-youtube wp-embed-aspect-16-9 wp-has-aspect-ratio\"><div class=\"wp-block-embed__wrapper\">\n<iframe title=\"Humanitarna akcija udru\u017eenja &quot;Vidovdan&quot; za Srbe sa Kosmeta\" width=\"960\" height=\"540\" data-src=\"https:\/\/www.youtube.com\/embed\/lySJLhrznzc?feature=oembed\" frameborder=\"0\" allow=\"accelerometer; autoplay; clipboard-write; encrypted-media; gyroscope; picture-in-picture; web-share\" referrerpolicy=\"strict-origin-when-cross-origin\" allowfullscreen src=\"data:image\/svg+xml;base64,PHN2ZyB3aWR0aD0iMSIgaGVpZ2h0PSIxIiB4bWxucz0iaHR0cDovL3d3dy53My5vcmcvMjAwMC9zdmciPjwvc3ZnPg==\" class=\"lazyload\" data-load-mode=\"1\"><\/iframe>\n<\/div><figcaption class=\"wp-element-caption\"><a href=\"https:\/\/www.youtube.com\/watch?v=lySJLhrznzc\">\u0425\u0443\u043c\u0430\u043d\u0438\u0442\u0430\u0440\u043d\u0430 \u0430\u043a\u0446\u0438\u0458\u0430 \u0441\u0430\u043a\u0443\u043f\u0459\u0430\u045a\u0430 \u043f\u043e\u043c\u043e\u045b\u0438 \u0437\u0430 \u0441\u0430\u043c\u043e\u0445\u0440\u0430\u043d\u0443 \u043c\u0430\u0458\u043a\u0443 \u0441\u0430 \u041a\u043e\u0441\u043e\u0432\u0430 \u0438 \u041c\u0435\u0442\u043e\u0445\u0438\u0458\u0435<\/a><\/figcaption><\/figure>\n\n\n\n<figure class=\"wp-block-embed is-type-video is-provider-youtube wp-block-embed-youtube wp-embed-aspect-16-9 wp-has-aspect-ratio\"><div class=\"wp-block-embed__wrapper\">\n<iframe title=\"Knjiga &quot;Sudija u ratu i miru&quot; pred Novosa\u0111anima\" width=\"960\" height=\"540\" data-src=\"https:\/\/www.youtube.com\/embed\/Fq0h8c93r2w?feature=oembed\" frameborder=\"0\" allow=\"accelerometer; autoplay; clipboard-write; encrypted-media; gyroscope; picture-in-picture; web-share\" referrerpolicy=\"strict-origin-when-cross-origin\" allowfullscreen src=\"data:image\/svg+xml;base64,PHN2ZyB3aWR0aD0iMSIgaGVpZ2h0PSIxIiB4bWxucz0iaHR0cDovL3d3dy53My5vcmcvMjAwMC9zdmciPjwvc3ZnPg==\" class=\"lazyload\" data-load-mode=\"1\"><\/iframe>\n<\/div><figcaption class=\"wp-element-caption\"><a href=\"https:\/\/www.youtube.com\/watch?v=Fq0h8c93r2w\">\u041f\u0440\u043e\u043c\u043e\u0446\u0438\u0458\u0430 \u043a\u045a\u0438\u0433\u0435 \u0421\u0443\u0434\u0438\u0458\u0430 \u0443 \u0440\u0430\u0442\u0443 \u0438 \u043c\u0438\u0440\u0443 \u0414\u0430\u043d\u0438\u0446\u0435 \u041c\u0430\u0440\u0438\u043d\u043a\u043e\u0432\u0438\u045b \u0443 \u041d\u043e\u0432\u043e\u043c \u0421\u0430\u0434\u0443, \u0443 \u043e\u0440\u0433\u0430\u043d\u0438\u0437\u0430\u0446\u0438\u0458\u0438 \u043d\u0430\u0448\u0435\u0433 \u0423\u0434\u0440\u0443\u0436\u0435\u045a\u0430<\/a><\/figcaption><\/figure>\n\n\n\n<p><\/p>\n\n\n<div class=\"wp-block-image is-style-default\">\n<figure class=\"alignleft size-full\"><img decoding=\"async\" width=\"847\" height=\"476\" data-src=\"https:\/\/vidovdanns.rs\/wordpress\/wp-content\/uploads\/2022\/05\/foto_vest__1563794628-2.jpg\" alt=\"\" class=\"wp-image-1477 lazyload\" data-srcset=\"https:\/\/vidovdanns.rs\/wp-content\/uploads\/2022\/05\/foto_vest__1563794628-2.jpg 847w, https:\/\/vidovdanns.rs\/wp-content\/uploads\/2022\/05\/foto_vest__1563794628-2-300x169.jpg 300w, https:\/\/vidovdanns.rs\/wp-content\/uploads\/2022\/05\/foto_vest__1563794628-2-768x432.jpg 768w\" data-sizes=\"(max-width: 847px) 100vw, 847px\" src=\"data:image\/svg+xml;base64,PHN2ZyB3aWR0aD0iMSIgaGVpZ2h0PSIxIiB4bWxucz0iaHR0cDovL3d3dy53My5vcmcvMjAwMC9zdmciPjwvc3ZnPg==\" style=\"--smush-placeholder-width: 847px; --smush-placeholder-aspect-ratio: 847\/476;\" \/><figcaption class=\"wp-element-caption\">\u0423\u0440\u0443\u0447\u0435\u045a\u0435 \u043f\u043e\u043c\u043e\u045b\u0438 \u043f\u043e\u0440\u043e\u0434\u0438\u0446\u0438 \u041a\u0430\u043b\u0430\u0431\u0438\u045b<\/figcaption><\/figure>\n<\/div>\n\n\n<figure class=\"wp-block-video\"><\/figure>\n\n\n\n<figure class=\"wp-block-video\"><\/figure>\n\n\n\n<figure class=\"wp-block-video\"><\/figure>\n\n\n\n<figure class=\"wp-block-video\"><\/figure>\n\n\n\n<figure class=\"wp-block-video\"><\/figure>\n\n\n\n<figure class=\"wp-block-video\"><\/figure>\n\n\n\n<figure class=\"wp-block-video\"><\/figure>\n","protected":false},"excerpt":{"rendered":"<p>\u041f\u0440\u0430\u0432\u043e \u043d\u0430 \u0441\u0443\u0442\u0440\u0430 &#8211; \u0440\u0430\u0441\u0435\u0459\u0435\u043d\u0438 \u0443 \u041d\u043e\u0432\u043e\u043c \u0421\u0430\u0434\u0443 \u0413\u0440\u0430\u0434\u043e\u043d\u0430\u0447\u0435\u043b\u043d\u0438\u043a \u041c\u0438\u043b\u0430\u043d \u0402\u0443\u0440\u0438\u045b \u0441 \u043f\u0440\u0435\u0434\u0441\u0442\u0430\u0432\u043d\u0438\u0446\u0438\u043c\u0430 \u0417\u0430\u0432\u0438\u0447\u0430\u0458\u043d\u043e\u0433 \u0443\u0434\u0440\u0443\u0436\u0435\u045a\u0430 \u201e\u0412\u0438\u0434\u043e\u0432\u0434\u0430\u043d\u201c \u0425\u0412\u0410\u041b\u0410 \u0412\u0410\u041c \u0428\u0422\u041e \u0427\u0423\u0412\u0410\u0422\u0415 \u041d\u0410\u0428\u0423 \u0422\u0420\u0410\u0414\u0418\u0426\u0418\u0408\u0423<\/p>\n<div class='heateorSssClear'><\/div><div  class='heateor_sss_sharing_container heateor_sss_horizontal_sharing' data-heateor-sss-href='https:\/\/vidovdanns.rs\/?page_id=34'><div class='heateor_sss_sharing_title' style=\"font-weight:bold\" ><\/div><div class=\"heateor_sss_sharing_ul\"><a aria-label=\"Facebook\" class=\"heateor_sss_facebook\" href=\"https:\/\/www.facebook.com\/sharer\/sharer.php?u=https%3A%2F%2Fvidovdanns.rs%2Findex.php%3Frest_route%3D%252Fwp%252Fv2%252Fpages%252F34\" title=\"Facebook\" rel=\"nofollow noopener\" target=\"_blank\" style=\"font-size:32px!important;box-shadow:none;display:inline-block;vertical-align:middle\"><span class=\"heateor_sss_svg\" style=\"background-color:#0765FE;width:50px;height:50px;border-radius:999px;display:inline-block;opacity:1;float:left;font-size:32px;box-shadow:none;display:inline-block;font-size:16px;padding:0 4px;vertical-align:middle;background-repeat:repeat;overflow:hidden;padding:0;cursor:pointer;box-sizing:content-box\"><svg style=\"display:block;border-radius:999px;\" focusable=\"false\" aria-hidden=\"true\" xmlns=\"http:\/\/www.w3.org\/2000\/svg\" width=\"100%\" height=\"100%\" viewBox=\"0 0 32 32\"><path fill=\"#fff\" d=\"M28 16c0-6.627-5.373-12-12-12S4 9.373 4 16c0 5.628 3.875 10.35 9.101 11.647v-7.98h-2.474V16H13.1v-1.58c0-4.085 1.849-5.978 5.859-5.978.76 0 2.072.15 2.608.298v3.325c-.283-.03-.775-.045-1.386-.045-1.967 0-2.728.745-2.728 2.683V16h3.92l-.673 3.667h-3.247v8.245C23.395 27.195 28 22.135 28 16Z\"><\/path><\/svg><\/span><span class=\"heateor_sss_square_count heateor_sss_facebook_count\">&nbsp;<\/span><\/a><a aria-label=\"Viber\" class=\"heateor_sss_button_viber\" href=\"viber:\/\/forward?text=%D0%A3%D0%B4%D1%80%D1%83%D0%B6%D0%B5%D1%9A%D0%B5%20%D1%83%20%D0%BC%D0%B5%D0%B4%D0%B8%D1%98%D0%B8%D0%BC%D0%B0%20https%3A%2F%2Fvidovdanns.rs%2Findex.php%3Frest_route%3D%252Fwp%252Fv2%252Fpages%252F34\" title=\"Viber\" rel=\"nofollow noopener\" style=\"font-size:32px!important;box-shadow:none;display:inline-block;vertical-align:middle\"><span class=\"heateor_sss_svg heateor_sss_s__default heateor_sss_s_viber\" style=\"background-color:#8b628f;width:50px;height:50px;border-radius:999px;display:inline-block;opacity:1;float:left;font-size:32px;box-shadow:none;display:inline-block;font-size:16px;padding:0 4px;vertical-align:middle;background-repeat:repeat;overflow:hidden;padding:0;cursor:pointer;box-sizing:content-box\"><svg style=\"display:block;border-radius:999px;\" focusable=\"false\" aria-hidden=\"true\" xmlns=\"http:\/\/www.w3.org\/2000\/svg\" width=\"100%\" height=\"100%\" viewBox=\"0 0 32 32\"><path d=\"M22.57 27.22a7.39 7.39 0 0 1-1.14-.32 29 29 0 0 1-16-16.12c-1-2.55 0-4.7 2.66-5.58a2 2 0 0 1 1.39 0c1.12.41 3.94 4.3 4 5.46a2 2 0 0 1-1.16 1.78 2 2 0 0 0-.66 2.84A10.3 10.3 0 0 0 17 20.55a1.67 1.67 0 0 0 2.35-.55c1.07-1.62 2.38-1.54 3.82-.54.72.51 1.45 1 2.14 1.55.93.75 2.1 1.37 1.55 2.94a5.21 5.21 0 0 1-4.29 3.27zM17.06 4.79A10.42 10.42 0 0 1 26.79 15c0 .51.18 1.27-.58 1.25s-.54-.78-.6-1.29c-.7-5.52-3.23-8.13-8.71-9-.45-.07-1.15 0-1.11-.57.05-.87.87-.54 1.27-.6z\" fill=\"#fff\" fill-rule=\"evenodd\"><\/path><path d=\"M24.09 14.06c-.05.38.17 1-.45 1.13-.83.13-.67-.64-.75-1.13-.56-3.36-1.74-4.59-5.12-5.35-.5-.11-1.27 0-1.15-.8s.82-.48 1.35-.42a6.9 6.9 0 0 1 6.12 6.57z\" fill=\"#fff\" fill-rule=\"evenodd\"><\/path><path d=\"M21.52 13.45c0 .43 0 .87-.53.93s-.6-.26-.64-.64a2.47 2.47 0 0 0-2.26-2.43c-.42-.07-.82-.2-.63-.76.13-.38.47-.41.83-.42a3.66 3.66 0 0 1 3.23 3.32z\" fill=\"#fff\" fill-rule=\"evenodd\"><\/path><\/svg><\/span><span class=\"heateor_sss_square_count heateor_sss_Viber_count\">&nbsp;<\/span><\/a><a aria-label=\"Gmail\" class=\"heateor_sss_button_google_gmail\" href=\"https:\/\/mail.google.com\/mail\/?ui=2&view=cm&fs=1&tf=1&su=%D0%A3%D0%B4%D1%80%D1%83%D0%B6%D0%B5%D1%9A%D0%B5%20%D1%83%20%D0%BC%D0%B5%D0%B4%D0%B8%D1%98%D0%B8%D0%BC%D0%B0&body=Link:https%3A%2F%2Fvidovdanns.rs%2Findex.php%3Frest_route%3D%252Fwp%252Fv2%252Fpages%252F34\" title=\"Google Gmail\" rel=\"nofollow noopener\" target=\"_blank\" style=\"font-size:32px!important;box-shadow:none;display:inline-block;vertical-align:middle\"><span class=\"heateor_sss_svg heateor_sss_s__default heateor_sss_s_Google_Gmail\" style=\"background-color:#e5e5e5;width:50px;height:50px;border-radius:999px;display:inline-block;opacity:1;float:left;font-size:32px;box-shadow:none;display:inline-block;font-size:16px;padding:0 4px;vertical-align:middle;background-repeat:repeat;overflow:hidden;padding:0;cursor:pointer;box-sizing:content-box\"><svg style=\"display:block;border-radius:999px;\" focusable=\"false\" aria-hidden=\"true\" xmlns=\"http:\/\/www.w3.org\/2000\/svg\" width=\"100%\" height=\"100%\" viewBox=\"0 0 32 32\"><path fill=\"#fff\" d=\"M2.902 6.223h26.195v19.554H2.902z\"><\/path><path fill=\"#E14C41\" class=\"heateor_sss_no_fill\" d=\"M2.902 25.777h26.195V6.223H2.902v19.554zm22.44-4.007v3.806H6.955v-3.6h.032l.093-.034 6.9-5.558 2.09 1.77 1.854-1.63 7.42 5.246zm0-.672l-7.027-4.917 7.028-6.09V21.1zm-1.17-14.67l-.947.905c-2.356 2.284-4.693 4.75-7.17 6.876l-.078.06L8.062 6.39l16.11.033zm-10.597 9.61l-6.62 5.294.016-10.914 6.607 5.62\"><\/path><\/svg><\/span><span class=\"heateor_sss_square_count heateor_sss_Google_Gmail_count\">&nbsp;<\/span><\/a><a class=\"heateor_sss_more\" aria-label=\"More\" title=\"More\" rel=\"nofollow noopener\" style=\"font-size: 32px!important;border:0;box-shadow:none;display:inline-block!important;font-size:16px;padding:0 4px;vertical-align: middle;display:inline;\" href=\"https:\/\/vidovdanns.rs\/index.php?rest_route=%2Fwp%2Fv2%2Fpages%2F34\" onclick=\"event.preventDefault()\"><span class=\"heateor_sss_square_count\">&nbsp;<\/span><span class=\"heateor_sss_svg\" style=\"background-color:#ee8e2d;width:50px;height:50px;border-radius:999px;display:inline-block!important;opacity:1;float:left;font-size:32px!important;box-shadow:none;display:inline-block;font-size:16px;padding:0 4px;vertical-align:middle;display:inline;background-repeat:repeat;overflow:hidden;padding:0;cursor:pointer;box-sizing:content-box;\" onclick=\"heateorSssMoreSharingPopup(this, 'https:\/\/vidovdanns.rs\/index.php?rest_route=%2Fwp%2Fv2%2Fpages%2F34', '%D0%A3%D0%B4%D1%80%D1%83%D0%B6%D0%B5%D1%9A%D0%B5%20%D1%83%20%D0%BC%D0%B5%D0%B4%D0%B8%D1%98%D0%B8%D0%BC%D0%B0', '' )\"><svg xmlns=\"http:\/\/www.w3.org\/2000\/svg\" xmlns:xlink=\"http:\/\/www.w3.org\/1999\/xlink\" viewBox=\"-.3 0 32 32\" version=\"1.1\" width=\"100%\" height=\"100%\" style=\"display:block;border-radius:999px;\" xml:space=\"preserve\"><g><path fill=\"#fff\" d=\"M18 14V8h-4v6H8v4h6v6h4v-6h6v-4h-6z\" fill-rule=\"evenodd\"><\/path><\/g><\/svg><\/span><\/a><a style=\"font-size:32px!important;box-shadow: none;display: inline-block!important;font-size: 16px;padding: 0 4px;vertical-align: middle;display:inline;\" class=\"heateorSssSharingRound\"><span class=\"heateor_sss_square_count\">&nbsp;<\/span><div style=\"width:50px;height:50px;border-radius:999px;margin-left:9px !important;\" title=\"Total Shares\" class=\"heateorSssSharing heateorSssTCBackground\"><\/div><\/a><\/div><div class=\"heateorSssClear\"><\/div><\/div><div class='heateorSssClear'><\/div>","protected":false},"author":1,"featured_media":0,"parent":0,"menu_order":0,"comment_status":"closed","ping_status":"closed","template":"","meta":{"om_disable_all_campaigns":false,"footnotes":""},"class_list":["post-34","page","type-page","status-publish","hentry"],"_links":{"self":[{"href":"https:\/\/vidovdanns.rs\/index.php?rest_route=\/wp\/v2\/pages\/34","targetHints":{"allow":["GET"]}}],"collection":[{"href":"https:\/\/vidovdanns.rs\/index.php?rest_route=\/wp\/v2\/pages"}],"about":[{"href":"https:\/\/vidovdanns.rs\/index.php?rest_route=\/wp\/v2\/types\/page"}],"author":[{"embeddable":true,"href":"https:\/\/vidovdanns.rs\/index.php?rest_route=\/wp\/v2\/users\/1"}],"replies":[{"embeddable":true,"href":"https:\/\/vidovdanns.rs\/index.php?rest_route=%2Fwp%2Fv2%2Fcomments&post=34"}],"version-history":[{"count":106,"href":"https:\/\/vidovdanns.rs\/index.php?rest_route=\/wp\/v2\/pages\/34\/revisions"}],"predecessor-version":[{"id":2220,"href":"https:\/\/vidovdanns.rs\/index.php?rest_route=\/wp\/v2\/pages\/34\/revisions\/2220"}],"wp:attachment":[{"href":"https:\/\/vidovdanns.rs\/index.php?rest_route=%2Fwp%2Fv2%2Fmedia&parent=34"}],"curies":[{"name":"wp","href":"https:\/\/api.w.org\/{rel}","templated":true}]}}